{"id":385,"date":"2024-11-03T22:51:41","date_gmt":"2024-11-03T21:51:41","guid":{"rendered":"https:\/\/www.plumelle-creation.com\/?post_type=product&#038;p=385"},"modified":"2025-09-21T00:49:15","modified_gmt":"2025-09-20T22:49:15","slug":"diffuseur-de-voiture","status":"publish","type":"product","link":"https:\/\/www.plumelle-creation.com\/?product=diffuseur-de-voiture","title":{"rendered":"Diffuseur de voiture"},"content":{"rendered":"<p>Ce diffuseur parfumera l&rsquo;habitacle de votre voiture durant plusieurs semaines. Il suffit de le d\u00e9visser et de retirer le bouchon en plastique puis de retourner le diffuseur pour que le parfum s&rsquo;impr\u00e8gne sur le bois.<\/p>\n<p>Myristate d&rsquo;isopropyle 100% d&rsquo;origine v\u00e9g\u00e9tale.<\/p>\n<p>Parfum de Grasse garanti sans CMR ni phtalates.<\/p>\n<p>Contenance 8 ml.<\/p>\n","protected":false},"excerpt":{"rendered":"<p>Ce diffuseur parfumera l&rsquo;habitacle de votre voiture durant plusieurs semaines. Il suffit de le d\u00e9visser et de retirer le bouchon en plastique puis de retourner le diffuseur pour que le parfum s&rsquo;impr\u00e8gne sur le bois. Myristate d&rsquo;isopropyle 100% d&rsquo;origine v\u00e9g\u00e9tale. [&hellip;]<\/p>\n","protected":false},"featured_media":436,"comment_status":"open","ping_status":"closed","template":"","meta":[],"product_cat":[26],"product_tag":[],"class_list":{"0":"post-385","1":"product","2":"type-product","3":"status-publish","4":"has-post-thumbnail","6":"product_cat-diffuseur","8":"first","9":"instock","10":"shipping-taxable","11":"purchasable","12":"product-type-variable"},"jetpack_sharing_enabled":true,"_links":{"self":[{"href":"https:\/\/www.plumelle-creation.com\/index.php?rest_route=\/wp\/v2\/product\/385","targetHints":{"allow":["GET"]}}],"collection":[{"href":"https:\/\/www.plumelle-creation.com\/index.php?rest_route=\/wp\/v2\/product"}],"about":[{"href":"https:\/\/www.plumelle-creation.com\/index.php?rest_route=\/wp\/v2\/types\/product"}],"replies":[{"embeddable":true,"href":"https:\/\/www.plumelle-creation.com\/index.php?rest_route=%2Fwp%2Fv2%2Fcomments&post=385"}],"wp:featuredmedia":[{"embeddable":true,"href":"https:\/\/www.plumelle-creation.com\/index.php?rest_route=\/wp\/v2\/media\/436"}],"wp:attachment":[{"href":"https:\/\/www.plumelle-creation.com\/index.php?rest_route=%2Fwp%2Fv2%2Fmedia&parent=385"}],"wp:term":[{"taxonomy":"product_cat","embeddable":true,"href":"https:\/\/www.plumelle-creation.com\/index.php?rest_route=%2Fwp%2Fv2%2Fproduct_cat&post=385"},{"taxonomy":"product_tag","embeddable":true,"href":"https:\/\/www.plumelle-creation.com\/index.php?rest_route=%2Fwp%2Fv2%2Fproduct_tag&post=385"}],"curies":[{"name":"wp","href":"https:\/\/api.w.org\/{rel}","templated":true}]}}