{"id":384,"date":"2024-11-03T22:42:34","date_gmt":"2024-11-03T21:42:34","guid":{"rendered":"https:\/\/www.plumelle-creation.com\/?post_type=product&#038;p=384"},"modified":"2025-05-23T09:17:21","modified_gmt":"2025-05-23T07:17:21","slug":"huile-de-diffusion","status":"publish","type":"product","link":"https:\/\/www.plumelle-creation.com\/?product=huile-de-diffusion","title":{"rendered":"Huile de diffusion"},"content":{"rendered":"<p>L&rsquo;huile de diffusion est un fondant parfum\u00e9 liquide. il suffit de d\u00e9poser quelques gouttes sur le dessus d&rsquo;un br\u00fbleur. L&rsquo;huile s&rsquo;\u00e9vapore compl\u00e8tement. Ne pas laisser br\u00fbler plus de 30 minutes.<\/p>\n<p>90% Myristate d&rsquo;isopropyle 100% origine v\u00e9g\u00e9tale.<\/p>\n<p>10% Parfum de Grasse garanti sans CMR ni phtalates.<\/p>\n<p>Contenance 30 ml.<\/p>\n","protected":false},"excerpt":{"rendered":"<p>L&rsquo;huile de diffusion est un fondant parfum\u00e9 liquide. il suffit de d\u00e9poser quelques gouttes sur le dessus d&rsquo;un br\u00fbleur. L&rsquo;huile s&rsquo;\u00e9vapore compl\u00e8tement. Ne pas laisser br\u00fbler plus de 30 minutes. 90% Myristate d&rsquo;isopropyle 100% origine v\u00e9g\u00e9tale. 10% Parfum de Grasse [&hellip;]<\/p>\n","protected":false},"featured_media":434,"comment_status":"open","ping_status":"closed","template":"","meta":[],"product_cat":[21,27],"product_tag":[],"class_list":{"0":"post-384","1":"product","2":"type-product","3":"status-publish","4":"has-post-thumbnail","6":"product_cat-fondants","7":"product_cat-huile","9":"first","10":"instock","11":"shipping-taxable","12":"purchasable","13":"product-type-variable"},"jetpack_sharing_enabled":true,"_links":{"self":[{"href":"https:\/\/www.plumelle-creation.com\/index.php?rest_route=\/wp\/v2\/product\/384","targetHints":{"allow":["GET"]}}],"collection":[{"href":"https:\/\/www.plumelle-creation.com\/index.php?rest_route=\/wp\/v2\/product"}],"about":[{"href":"https:\/\/www.plumelle-creation.com\/index.php?rest_route=\/wp\/v2\/types\/product"}],"replies":[{"embeddable":true,"href":"https:\/\/www.plumelle-creation.com\/index.php?rest_route=%2Fwp%2Fv2%2Fcomments&post=384"}],"wp:featuredmedia":[{"embeddable":true,"href":"https:\/\/www.plumelle-creation.com\/index.php?rest_route=\/wp\/v2\/media\/434"}],"wp:attachment":[{"href":"https:\/\/www.plumelle-creation.com\/index.php?rest_route=%2Fwp%2Fv2%2Fmedia&parent=384"}],"wp:term":[{"taxonomy":"product_cat","embeddable":true,"href":"https:\/\/www.plumelle-creation.com\/index.php?rest_route=%2Fwp%2Fv2%2Fproduct_cat&post=384"},{"taxonomy":"product_tag","embeddable":true,"href":"https:\/\/www.plumelle-creation.com\/index.php?rest_route=%2Fwp%2Fv2%2Fproduct_tag&post=384"}],"curies":[{"name":"wp","href":"https:\/\/api.w.org\/{rel}","templated":true}]}}