{"id":294,"date":"2024-11-03T21:57:21","date_gmt":"2024-11-03T20:57:21","guid":{"rendered":"https:\/\/www.plumelle-creation.com\/?post_type=product&#038;p=294"},"modified":"2025-09-22T03:51:52","modified_gmt":"2025-09-22T01:51:52","slug":"bougie-parfumee-pierres-naturelles","status":"publish","type":"product","link":"https:\/\/www.plumelle-creation.com\/?product=bougie-parfumee-pierres-naturelles","title":{"rendered":"Bougie parfum\u00e9e pierres naturelles"},"content":{"rendered":"<p>Bougie parfum\u00e9e orn\u00e9e de pierres naturelles. Chaque pierre a des vertus.<\/p>\n<p>Vous pouvez me notifier les pierres que vous souhaitez lors de votre commande. La liste des pierres disponibles se trouve dans l&rsquo;onglet \u00ab\u00a0Vertus des pierres\u00a0\u00bb. Je vous conseille d&rsquo;en choisir au maximum deux par bougie.<\/p>\n<p>90% Cire de colza europ\u00e9enne.<\/p>\n<p>10% Parfum de Grasse garanti sans CMR ni phtalates.<\/p>\n<p>Poids de cire environ 175 grammes.<\/p>\n","protected":false},"excerpt":{"rendered":"<p>Le choix des pierres est \u00e0 renseigner lors de la commande.<\/p>\n","protected":false},"featured_media":441,"comment_status":"open","ping_status":"closed","template":"","meta":[],"product_cat":[16],"product_tag":[],"class_list":{"0":"post-294","1":"product","2":"type-product","3":"status-publish","4":"has-post-thumbnail","6":"product_cat-bougies","8":"first","9":"instock","10":"shipping-taxable","11":"purchasable","12":"product-type-variable"},"jetpack_sharing_enabled":true,"_links":{"self":[{"href":"https:\/\/www.plumelle-creation.com\/index.php?rest_route=\/wp\/v2\/product\/294","targetHints":{"allow":["GET"]}}],"collection":[{"href":"https:\/\/www.plumelle-creation.com\/index.php?rest_route=\/wp\/v2\/product"}],"about":[{"href":"https:\/\/www.plumelle-creation.com\/index.php?rest_route=\/wp\/v2\/types\/product"}],"replies":[{"embeddable":true,"href":"https:\/\/www.plumelle-creation.com\/index.php?rest_route=%2Fwp%2Fv2%2Fcomments&post=294"}],"wp:featuredmedia":[{"embeddable":true,"href":"https:\/\/www.plumelle-creation.com\/index.php?rest_route=\/wp\/v2\/media\/441"}],"wp:attachment":[{"href":"https:\/\/www.plumelle-creation.com\/index.php?rest_route=%2Fwp%2Fv2%2Fmedia&parent=294"}],"wp:term":[{"taxonomy":"product_cat","embeddable":true,"href":"https:\/\/www.plumelle-creation.com\/index.php?rest_route=%2Fwp%2Fv2%2Fproduct_cat&post=294"},{"taxonomy":"product_tag","embeddable":true,"href":"https:\/\/www.plumelle-creation.com\/index.php?rest_route=%2Fwp%2Fv2%2Fproduct_tag&post=294"}],"curies":[{"name":"wp","href":"https:\/\/api.w.org\/{rel}","templated":true}]}}