{"id":264,"date":"2024-11-03T21:49:25","date_gmt":"2024-11-03T20:49:25","guid":{"rendered":"https:\/\/www.plumelle-creation.com\/?post_type=product&#038;p=264"},"modified":"2025-09-22T03:51:52","modified_gmt":"2025-09-22T01:51:52","slug":"bougie-parfumee-fleurie","status":"publish","type":"product","link":"https:\/\/www.plumelle-creation.com\/?product=bougie-parfumee-fleurie","title":{"rendered":"Bougie parfum\u00e9e fleurie"},"content":{"rendered":"<p>Bougie parfum\u00e9e orn\u00e9e de fleurs s\u00e9ch\u00e9es.<\/p>\n<p>90% Cire de colza europ\u00e9enne.<\/p>\n<p>10% Parfum de Grasse garanti sans CMR ni phtalates.<\/p>\n<p>Poids de la cire environ 175 grammes.<\/p>\n<p>Pour le choix de la couleur des fleurs veuillez me laisser un commentaire \u00e0 la commande. Vous pouvez faire le m\u00e9lange de couleurs que vous souhaitez.<\/p>\n","protected":false},"excerpt":{"rendered":"<p>Le choix de la couleur des fleurs est \u00e0 renseigner lors de la commande.<\/p>\n","protected":false},"featured_media":449,"comment_status":"open","ping_status":"closed","template":"","meta":[],"product_cat":[16],"product_tag":[],"class_list":{"0":"post-264","1":"product","2":"type-product","3":"status-publish","4":"has-post-thumbnail","6":"product_cat-bougies","8":"first","9":"instock","10":"shipping-taxable","11":"purchasable","12":"product-type-variable"},"jetpack_sharing_enabled":true,"_links":{"self":[{"href":"https:\/\/www.plumelle-creation.com\/index.php?rest_route=\/wp\/v2\/product\/264","targetHints":{"allow":["GET"]}}],"collection":[{"href":"https:\/\/www.plumelle-creation.com\/index.php?rest_route=\/wp\/v2\/product"}],"about":[{"href":"https:\/\/www.plumelle-creation.com\/index.php?rest_route=\/wp\/v2\/types\/product"}],"replies":[{"embeddable":true,"href":"https:\/\/www.plumelle-creation.com\/index.php?rest_route=%2Fwp%2Fv2%2Fcomments&post=264"}],"wp:featuredmedia":[{"embeddable":true,"href":"https:\/\/www.plumelle-creation.com\/index.php?rest_route=\/wp\/v2\/media\/449"}],"wp:attachment":[{"href":"https:\/\/www.plumelle-creation.com\/index.php?rest_route=%2Fwp%2Fv2%2Fmedia&parent=264"}],"wp:term":[{"taxonomy":"product_cat","embeddable":true,"href":"https:\/\/www.plumelle-creation.com\/index.php?rest_route=%2Fwp%2Fv2%2Fproduct_cat&post=264"},{"taxonomy":"product_tag","embeddable":true,"href":"https:\/\/www.plumelle-creation.com\/index.php?rest_route=%2Fwp%2Fv2%2Fproduct_tag&post=264"}],"curies":[{"name":"wp","href":"https:\/\/api.w.org\/{rel}","templated":true}]}}