{"id":241,"date":"2024-11-03T21:24:25","date_gmt":"2024-11-03T20:24:25","guid":{"rendered":"https:\/\/www.plumelle-creation.com\/?post_type=product&#038;p=241"},"modified":"2024-11-08T11:11:44","modified_gmt":"2024-11-08T10:11:44","slug":"brume-dinterieur","status":"publish","type":"product","link":"https:\/\/www.plumelle-creation.com\/?product=brume-dinterieur","title":{"rendered":"Brume d&rsquo;int\u00e9rieur"},"content":{"rendered":"<p>La brume permet de parfumer votre int\u00e9rieur \u00e0 tout moment.<\/p>\n<p>90% Solution sans alcool.<\/p>\n<p>10% Parfum de grasse garanti sans CMR ni phtalates.<\/p>\n<p>Contenance 100 ml.<\/p>\n","protected":false},"excerpt":{"rendered":"<p>La brume permet de parfumer votre int\u00e9rieur \u00e0 tout moment. 90% Solution sans alcool. 10% Parfum de grasse garanti sans CMR ni phtalates. Contenance 100 ml.<\/p>\n","protected":false},"featured_media":430,"comment_status":"open","ping_status":"closed","template":"","meta":[],"product_cat":[24],"product_tag":[],"class_list":{"0":"post-241","1":"product","2":"type-product","3":"status-publish","4":"has-post-thumbnail","6":"product_cat-brume","8":"first","9":"instock","10":"shipping-taxable","11":"purchasable","12":"product-type-variable"},"jetpack_sharing_enabled":true,"_links":{"self":[{"href":"https:\/\/www.plumelle-creation.com\/index.php?rest_route=\/wp\/v2\/product\/241","targetHints":{"allow":["GET"]}}],"collection":[{"href":"https:\/\/www.plumelle-creation.com\/index.php?rest_route=\/wp\/v2\/product"}],"about":[{"href":"https:\/\/www.plumelle-creation.com\/index.php?rest_route=\/wp\/v2\/types\/product"}],"replies":[{"embeddable":true,"href":"https:\/\/www.plumelle-creation.com\/index.php?rest_route=%2Fwp%2Fv2%2Fcomments&post=241"}],"wp:featuredmedia":[{"embeddable":true,"href":"https:\/\/www.plumelle-creation.com\/index.php?rest_route=\/wp\/v2\/media\/430"}],"wp:attachment":[{"href":"https:\/\/www.plumelle-creation.com\/index.php?rest_route=%2Fwp%2Fv2%2Fmedia&parent=241"}],"wp:term":[{"taxonomy":"product_cat","embeddable":true,"href":"https:\/\/www.plumelle-creation.com\/index.php?rest_route=%2Fwp%2Fv2%2Fproduct_cat&post=241"},{"taxonomy":"product_tag","embeddable":true,"href":"https:\/\/www.plumelle-creation.com\/index.php?rest_route=%2Fwp%2Fv2%2Fproduct_tag&post=241"}],"curies":[{"name":"wp","href":"https:\/\/api.w.org\/{rel}","templated":true}]}}