{"id":23,"date":"2024-11-03T14:06:18","date_gmt":"2024-11-03T13:06:18","guid":{"rendered":"https:\/\/www.plumelle-creation.com\/?post_type=product&#038;p=23"},"modified":"2026-01-21T14:08:35","modified_gmt":"2026-01-21T13:08:35","slug":"bougie-parfumee","status":"publish","type":"product","link":"https:\/\/www.plumelle-creation.com\/?product=bougie-parfumee","title":{"rendered":"Bougie parfum\u00e9e"},"content":{"rendered":"<p>Bougie parfum\u00e9e \u00e0 la cire de colza et parfum de Grasse.<\/p>\n<p>90% Cire de colza europ\u00e9enne.<\/p>\n<p>10% Parfum de Grasse garanti sans CMR ni phtalates.<\/p>\n<p>Poids de cire environ 175 grammes.<\/p>\n","protected":false},"excerpt":{"rendered":"<p>Bougie parfum\u00e9e \u00e0 la cire de colza et parfum de Grasse. 90% Cire de colza europ\u00e9enne. 10% Parfum de Grasse garanti sans CMR ni phtalates. Poids de cire environ 175 grammes.<\/p>\n","protected":false},"featured_media":428,"comment_status":"open","ping_status":"closed","template":"","meta":[],"product_cat":[16],"product_tag":[],"class_list":{"0":"post-23","1":"product","2":"type-product","3":"status-publish","4":"has-post-thumbnail","6":"product_cat-bougies","8":"first","9":"instock","10":"shipping-taxable","11":"purchasable","12":"product-type-variable"},"jetpack_sharing_enabled":true,"_links":{"self":[{"href":"https:\/\/www.plumelle-creation.com\/index.php?rest_route=\/wp\/v2\/product\/23","targetHints":{"allow":["GET"]}}],"collection":[{"href":"https:\/\/www.plumelle-creation.com\/index.php?rest_route=\/wp\/v2\/product"}],"about":[{"href":"https:\/\/www.plumelle-creation.com\/index.php?rest_route=\/wp\/v2\/types\/product"}],"replies":[{"embeddable":true,"href":"https:\/\/www.plumelle-creation.com\/index.php?rest_route=%2Fwp%2Fv2%2Fcomments&post=23"}],"wp:featuredmedia":[{"embeddable":true,"href":"https:\/\/www.plumelle-creation.com\/index.php?rest_route=\/wp\/v2\/media\/428"}],"wp:attachment":[{"href":"https:\/\/www.plumelle-creation.com\/index.php?rest_route=%2Fwp%2Fv2%2Fmedia&parent=23"}],"wp:term":[{"taxonomy":"product_cat","embeddable":true,"href":"https:\/\/www.plumelle-creation.com\/index.php?rest_route=%2Fwp%2Fv2%2Fproduct_cat&post=23"},{"taxonomy":"product_tag","embeddable":true,"href":"https:\/\/www.plumelle-creation.com\/index.php?rest_route=%2Fwp%2Fv2%2Fproduct_tag&post=23"}],"curies":[{"name":"wp","href":"https:\/\/api.w.org\/{rel}","templated":true}]}}