{"id":207,"date":"2024-11-03T21:11:13","date_gmt":"2024-11-03T20:11:13","guid":{"rendered":"https:\/\/www.plumelle-creation.com\/?post_type=product&#038;p=207"},"modified":"2024-11-13T13:59:06","modified_gmt":"2024-11-13T12:59:06","slug":"fondant-parfume","status":"publish","type":"product","link":"https:\/\/www.plumelle-creation.com\/?product=fondant-parfume","title":{"rendered":"Fondant parfum\u00e9"},"content":{"rendered":"<p>Fondant parfum\u00e9<\/p>\n<p>Le fondant parfum\u00e9 s&rsquo;utilise avec un br\u00fbleur. Il peut-\u00eatre fondu plusieurs fois, la cire ne s&rsquo;\u00e9vapore pas. Lorsque vous ne sentez plus d&rsquo;odeur il est temps de le remplacer.<\/p>\n<p>90% Cire de colza europ\u00e9enne.<\/p>\n<p>10% Parfum de Grasse garanti sans CMR ni phtalates.<\/p>\n<p>Poids environ 11 grammes l&rsquo;unit\u00e9.<\/p>\n<p>La couleur du fondant d\u00e9pend du parfum choisi.<\/p>\n<p>&nbsp;<\/p>\n","protected":false},"excerpt":{"rendered":"<p>Fondant parfum\u00e9 Le fondant parfum\u00e9 s&rsquo;utilise avec un br\u00fbleur. Il peut-\u00eatre fondu plusieurs fois, la cire ne s&rsquo;\u00e9vapore pas. Lorsque vous ne sentez plus d&rsquo;odeur il est temps de le remplacer. 90% Cire de colza europ\u00e9enne. 10% Parfum de Grasse [&hellip;]<\/p>\n","protected":false},"featured_media":437,"comment_status":"open","ping_status":"closed","template":"","meta":[],"product_cat":[21],"product_tag":[],"class_list":{"0":"post-207","1":"product","2":"type-product","3":"status-publish","4":"has-post-thumbnail","6":"product_cat-fondants","8":"first","9":"instock","10":"shipping-taxable","11":"purchasable","12":"product-type-variable"},"jetpack_sharing_enabled":true,"_links":{"self":[{"href":"https:\/\/www.plumelle-creation.com\/index.php?rest_route=\/wp\/v2\/product\/207","targetHints":{"allow":["GET"]}}],"collection":[{"href":"https:\/\/www.plumelle-creation.com\/index.php?rest_route=\/wp\/v2\/product"}],"about":[{"href":"https:\/\/www.plumelle-creation.com\/index.php?rest_route=\/wp\/v2\/types\/product"}],"replies":[{"embeddable":true,"href":"https:\/\/www.plumelle-creation.com\/index.php?rest_route=%2Fwp%2Fv2%2Fcomments&post=207"}],"wp:featuredmedia":[{"embeddable":true,"href":"https:\/\/www.plumelle-creation.com\/index.php?rest_route=\/wp\/v2\/media\/437"}],"wp:attachment":[{"href":"https:\/\/www.plumelle-creation.com\/index.php?rest_route=%2Fwp%2Fv2%2Fmedia&parent=207"}],"wp:term":[{"taxonomy":"product_cat","embeddable":true,"href":"https:\/\/www.plumelle-creation.com\/index.php?rest_route=%2Fwp%2Fv2%2Fproduct_cat&post=207"},{"taxonomy":"product_tag","embeddable":true,"href":"https:\/\/www.plumelle-creation.com\/index.php?rest_route=%2Fwp%2Fv2%2Fproduct_tag&post=207"}],"curies":[{"name":"wp","href":"https:\/\/api.w.org\/{rel}","templated":true}]}}