{"id":1688,"date":"2024-11-13T14:55:43","date_gmt":"2024-11-13T13:55:43","guid":{"rendered":"https:\/\/www.plumelle-creation.com\/?post_type=product&#038;p=1688"},"modified":"2025-05-23T09:19:10","modified_gmt":"2025-05-23T07:19:10","slug":"lot-3-suspensions-parfumees","status":"publish","type":"product","link":"https:\/\/www.plumelle-creation.com\/?product=lot-3-suspensions-parfumees","title":{"rendered":"Lot 3 suspensions parfum\u00e9es"},"content":{"rendered":"<p>La suspension parfum\u00e9e est \u00e0 placer dans votre dressing, armoire ou dans les petites pi\u00e8ces telles que les toilettes et salle de bain. Le parfum se diffuse pendant plusieurs mois. Une fois qu&rsquo;elle ne sent plus \u00e0 l&rsquo;air libre vous pouvez la casser et l&rsquo;utiliser comme un fondant parfum\u00e9 sur un br\u00fbleur.<\/p>\n<p>90% cire de colza.<\/p>\n<p>10% de parfum de Grasse garanti sans CMR ni phtalates.<\/p>\n<p>Poids environ de 30 grammes<\/p>\n","protected":false},"excerpt":{"rendered":"<p>Merci de me notifier les trois parfums choisis lors de la commande.<\/p>\n","protected":false},"featured_media":438,"comment_status":"open","ping_status":"closed","template":"","meta":[],"product_cat":[19],"product_tag":[],"class_list":{"0":"post-1688","1":"product","2":"type-product","3":"status-publish","4":"has-post-thumbnail","6":"product_cat-suspensions-parfumees","8":"first","9":"instock","10":"shipping-taxable","11":"purchasable","12":"product-type-simple"},"jetpack_sharing_enabled":true,"_links":{"self":[{"href":"https:\/\/www.plumelle-creation.com\/index.php?rest_route=\/wp\/v2\/product\/1688","targetHints":{"allow":["GET"]}}],"collection":[{"href":"https:\/\/www.plumelle-creation.com\/index.php?rest_route=\/wp\/v2\/product"}],"about":[{"href":"https:\/\/www.plumelle-creation.com\/index.php?rest_route=\/wp\/v2\/types\/product"}],"replies":[{"embeddable":true,"href":"https:\/\/www.plumelle-creation.com\/index.php?rest_route=%2Fwp%2Fv2%2Fcomments&post=1688"}],"wp:featuredmedia":[{"embeddable":true,"href":"https:\/\/www.plumelle-creation.com\/index.php?rest_route=\/wp\/v2\/media\/438"}],"wp:attachment":[{"href":"https:\/\/www.plumelle-creation.com\/index.php?rest_route=%2Fwp%2Fv2%2Fmedia&parent=1688"}],"wp:term":[{"taxonomy":"product_cat","embeddable":true,"href":"https:\/\/www.plumelle-creation.com\/index.php?rest_route=%2Fwp%2Fv2%2Fproduct_cat&post=1688"},{"taxonomy":"product_tag","embeddable":true,"href":"https:\/\/www.plumelle-creation.com\/index.php?rest_route=%2Fwp%2Fv2%2Fproduct_tag&post=1688"}],"curies":[{"name":"wp","href":"https:\/\/api.w.org\/{rel}","templated":true}]}}