{"id":540,"date":"2024-11-07T15:14:58","date_gmt":"2024-11-07T14:14:58","guid":{"rendered":"https:\/\/www.plumelle-creation.com\/?page_id=540"},"modified":"2024-11-07T23:03:12","modified_gmt":"2024-11-07T22:03:12","slug":"a-propos-de-nous","status":"publish","type":"page","link":"https:\/\/www.plumelle-creation.com\/?page_id=540","title":{"rendered":"A  propos de nous"},"content":{"rendered":"\t\t<div data-elementor-type=\"wp-page\" data-elementor-id=\"540\" class=\"elementor elementor-540\">\n\t\t\t\t<div class=\"elementor-element elementor-element-21b3933 e-flex e-con-boxed e-con e-parent\" data-id=\"21b3933\" data-element_type=\"container\">\n\t\t\t\t\t<div class=\"e-con-inner\">\n\t\t<div class=\"elementor-element elementor-element-f6c1fe6 e-con-full e-flex e-con e-child\" data-id=\"f6c1fe6\" data-element_type=\"container\">\n\t\t\t\t<div class=\"elementor-element elementor-element-9d0af6e elementor-widget elementor-widget-image\" data-id=\"9d0af6e\" data-element_type=\"widget\" data-widget_type=\"image.default\">\n\t\t\t\t<div class=\"elementor-widget-container\">\n\t\t\t\t\t\t\t\t\t\t\t\t\t<img fetchpriority=\"high\" decoding=\"async\" width=\"1013\" height=\"1024\" src=\"https:\/\/www.plumelle-creation.com\/wp-content\/uploads\/2024\/11\/20221218_123915-1013x1024.png\" class=\"attachment-large size-large wp-image-462\" alt=\"\" srcset=\"https:\/\/www.plumelle-creation.com\/wp-content\/uploads\/2024\/11\/20221218_123915-1013x1024.png 1013w, https:\/\/www.plumelle-creation.com\/wp-content\/uploads\/2024\/11\/20221218_123915-297x300.png 297w, https:\/\/www.plumelle-creation.com\/wp-content\/uploads\/2024\/11\/20221218_123915-768x776.png 768w, https:\/\/www.plumelle-creation.com\/wp-content\/uploads\/2024\/11\/20221218_123915-1520x1536.png 1520w, https:\/\/www.plumelle-creation.com\/wp-content\/uploads\/2024\/11\/20221218_123915-600x606.png 600w, https:\/\/www.plumelle-creation.com\/wp-content\/uploads\/2024\/11\/20221218_123915-100x100.png 100w\" sizes=\"(max-width: 1013px) 100vw, 1013px\" \/>\t\t\t\t\t\t\t\t\t\t\t\t\t<\/div>\n\t\t\t\t<\/div>\n\t\t\t\t<div class=\"elementor-element elementor-element-5862a4c elementor-widget elementor-widget-image\" data-id=\"5862a4c\" data-element_type=\"widget\" data-widget_type=\"image.default\">\n\t\t\t\t<div class=\"elementor-widget-container\">\n\t\t\t\t\t\t\t\t\t\t\t\t\t<img decoding=\"async\" width=\"300\" height=\"300\" src=\"https:\/\/www.plumelle-creation.com\/wp-content\/uploads\/2024\/11\/20221212_162230-300x300.png\" class=\"attachment-medium size-medium wp-image-461\" alt=\"\" srcset=\"https:\/\/www.plumelle-creation.com\/wp-content\/uploads\/2024\/11\/20221212_162230-300x300.png 300w, https:\/\/www.plumelle-creation.com\/wp-content\/uploads\/2024\/11\/20221212_162230-1024x1024.png 1024w, https:\/\/www.plumelle-creation.com\/wp-content\/uploads\/2024\/11\/20221212_162230-150x150.png 150w, https:\/\/www.plumelle-creation.com\/wp-content\/uploads\/2024\/11\/20221212_162230-768x768.png 768w, https:\/\/www.plumelle-creation.com\/wp-content\/uploads\/2024\/11\/20221212_162230-1536x1536.png 1536w, https:\/\/www.plumelle-creation.com\/wp-content\/uploads\/2024\/11\/20221212_162230-650x650.png 650w, https:\/\/www.plumelle-creation.com\/wp-content\/uploads\/2024\/11\/20221212_162230-1300x1300.png 1300w, https:\/\/www.plumelle-creation.com\/wp-content\/uploads\/2024\/11\/20221212_162230-600x600.png 600w, https:\/\/www.plumelle-creation.com\/wp-content\/uploads\/2024\/11\/20221212_162230-100x100.png 100w\" sizes=\"(max-width: 300px) 100vw, 300px\" \/>\t\t\t\t\t\t\t\t\t\t\t\t\t<\/div>\n\t\t\t\t<\/div>\n\t\t\t\t<\/div>\n\t\t<div class=\"elementor-element elementor-element-0bc3efb e-con-full e-flex e-con e-child\" data-id=\"0bc3efb\" data-element_type=\"container\">\n\t\t\t\t<div class=\"elementor-element elementor-element-22a1ba4 elementor-widget elementor-widget-text-editor\" data-id=\"22a1ba4\" data-element_type=\"widget\" data-widget_type=\"text-editor.default\">\n\t\t\t\t<div class=\"elementor-widget-container\">\n\t\t\t\t\t\t\t<p>C\u2019est en novembre 2022 que tout commence&#8230; Nous sommes sur le point de passer No\u00ebl en famille apr\u00e8s plus d\u2019une vingtaine d\u2019ann\u00e9es les uns loin des autres. Nous d\u00e9cidons avec ma soeur jumelle de proposer un petit atelier cr\u00e9atif \u00e0 faire avec nos proches pendant ces quelques jours de retrouvailles. Pour nous pr\u00e9parer un peu, nous r\u00e9alisons des bougies \u00e0 offrir \u00e0 notre entourage comme cadeaux de No\u00ebl&#8230; Des dizaines de bougies sont cr\u00e9\u00e9es nous sommes pr\u00eates ! Apr\u00e8s de nombreux tests, me voil\u00e0 quelques mois plus tard, \u00e0 proposer \u00e0 mes amis de cr\u00e9er des bougies \u00e0 offrir \u00e0 leur tour \u00e0 leurs proches.<\/p><p><br><\/p>\n<p>Depuis tout a bien chang\u00e9 ! J&rsquo;ai cr\u00e9\u00e9 mon petit atelier dans mon appartement \u00e0 l&rsquo;Union. Nous avons particip\u00e9 \u00e0 nos premiers march\u00e9s de No\u00ebl en 2023, et r\u00e9alis\u00e9 des commandes personnalis\u00e9es pour des \u00e9v\u00e9nements.<\/p>\t\t\t\t\t\t<\/div>\n\t\t\t\t<\/div>\n\t\t\t\t<\/div>\n\t\t<div class=\"elementor-element elementor-element-0cf9f5e e-con-full e-flex e-con e-child\" data-id=\"0cf9f5e\" data-element_type=\"container\">\n\t\t\t\t<\/div>\n\t\t<div class=\"elementor-element elementor-element-c22e658 e-con-full e-flex e-con e-child\" data-id=\"c22e658\" data-element_type=\"container\">\n\t\t\t\t<\/div>\n\t\t\t\t\t<\/div>\n\t\t\t\t<\/div>\n\t\t\t\t<\/div>\n\t\t","protected":false},"excerpt":{"rendered":"<p>C\u2019est en novembre 2022 que tout commence&#8230; Nous sommes sur le point de passer No\u00ebl en famille apr\u00e8s plus d\u2019une vingtaine d\u2019ann\u00e9es les uns loin des autres. Nous d\u00e9cidons avec ma soeur jumelle de proposer un petit atelier cr\u00e9atif \u00e0 [&hellip;]<\/p>\n","protected":false},"author":1,"featured_media":0,"parent":0,"menu_order":0,"comment_status":"closed","ping_status":"closed","template":"","meta":{"footnotes":""},"class_list":["post-540","page","type-page","status-publish","hentry"],"jetpack_sharing_enabled":true,"_links":{"self":[{"href":"https:\/\/www.plumelle-creation.com\/index.php?rest_route=\/wp\/v2\/pages\/540","targetHints":{"allow":["GET"]}}],"collection":[{"href":"https:\/\/www.plumelle-creation.com\/index.php?rest_route=\/wp\/v2\/pages"}],"about":[{"href":"https:\/\/www.plumelle-creation.com\/index.php?rest_route=\/wp\/v2\/types\/page"}],"author":[{"embeddable":true,"href":"https:\/\/www.plumelle-creation.com\/index.php?rest_route=\/wp\/v2\/users\/1"}],"replies":[{"embeddable":true,"href":"https:\/\/www.plumelle-creation.com\/index.php?rest_route=%2Fwp%2Fv2%2Fcomments&post=540"}],"version-history":[{"count":13,"href":"https:\/\/www.plumelle-creation.com\/index.php?rest_route=\/wp\/v2\/pages\/540\/revisions"}],"predecessor-version":[{"id":612,"href":"https:\/\/www.plumelle-creation.com\/index.php?rest_route=\/wp\/v2\/pages\/540\/revisions\/612"}],"wp:attachment":[{"href":"https:\/\/www.plumelle-creation.com\/index.php?rest_route=%2Fwp%2Fv2%2Fmedia&parent=540"}],"curies":[{"name":"wp","href":"https:\/\/api.w.org\/{rel}","templated":true}]}}